{"id":57363,"date":"2023-11-21T18:31:58","date_gmt":"2023-11-21T18:31:58","guid":{"rendered":"https:\/\/billycapers.es\/faqs\/"},"modified":"2025-02-28T10:26:43","modified_gmt":"2025-02-28T10:26:43","slug":"faqs","status":"publish","type":"page","link":"https:\/\/old.billycapers.es\/de\/faqs\/","title":{"rendered":"Engagement f\u00fcr eine nachhaltige Veranstaltung"},"content":{"rendered":"\t\t<div data-elementor-type=\"wp-page\" data-elementor-id=\"57363\" class=\"elementor elementor-57363 elementor-18133\" data-elementor-post-type=\"page\">\n\t\t\t\t\t\t<section class=\"elementor-section elementor-top-section elementor-element elementor-element-7c39b2b elementor-section-full_width elementor-section-height-default elementor-section-height-default sc_fly_static\" data-id=\"7c39b2b\" data-element_type=\"section\">\n\t\t\t\t\t\t<div class=\"elementor-container elementor-column-gap-extended\">\n\t\t\t\t\t<div class=\"elementor-column elementor-col-100 elementor-top-column elementor-element elementor-element-615748e sc_content_align_inherit sc_layouts_column_icons_position_left sc_fly_static\" data-id=\"615748e\" data-element_type=\"column\">\n\t\t\t<div class=\"elementor-widget-wrap elementor-element-populated\">\n\t\t\t\t\t\t<div class=\"elementor-element elementor-element-41c1049 sc_height_huge sc_fly_static elementor-widget elementor-widget-spacer\" data-id=\"41c1049\" data-element_type=\"widget\" data-widget_type=\"spacer.default\">\n\t\t\t\t<div class=\"elementor-widget-container\">\n\t\t\t\t\t\t\t<div class=\"elementor-spacer\">\n\t\t\t<div class=\"elementor-spacer-inner\"><\/div>\n\t\t<\/div>\n\t\t\t\t\t\t<\/div>\n\t\t\t\t<\/div>\n\t\t\t\t\t<\/div>\n\t\t<\/div>\n\t\t\t\t\t<\/div>\n\t\t<\/section>\n\t\t\t\t<section class=\"elementor-section elementor-top-section elementor-element elementor-element-f6a29fb elementor-section-boxed elementor-section-height-default elementor-section-height-default sc_fly_static\" data-id=\"f6a29fb\" data-element_type=\"section\">\n\t\t\t\t\t\t<div class=\"elementor-container elementor-column-gap-extended\">\n\t\t\t\t\t<div class=\"elementor-column elementor-col-100 elementor-top-column elementor-element elementor-element-bc7a88f sc_content_align_inherit sc_layouts_column_icons_position_left sc_fly_static\" data-id=\"bc7a88f\" data-element_type=\"column\">\n\t\t\t<div class=\"elementor-widget-wrap elementor-element-populated\">\n\t\t\t\t\t\t<div class=\"elementor-element elementor-element-a0db11a sc_fly_static elementor-widget elementor-widget-heading\" data-id=\"a0db11a\" data-element_type=\"widget\" data-widget_type=\"heading.default\">\n\t\t\t\t<div class=\"elementor-widget-container\">\n\t\t\t\t\t<h2 class=\"elementor-heading-title elementor-size-default\">Unsere Messe, eine nachhaltige Veranstaltung<\/h2>\t\t\t\t<\/div>\n\t\t\t\t<\/div>\n\t\t\t\t<div class=\"elementor-element elementor-element-a843538 sc_fly_static elementor-widget elementor-widget-spacer\" data-id=\"a843538\" data-element_type=\"widget\" data-widget_type=\"spacer.default\">\n\t\t\t\t<div class=\"elementor-widget-container\">\n\t\t\t\t\t\t\t<div class=\"elementor-spacer\">\n\t\t\t<div class=\"elementor-spacer-inner\"><\/div>\n\t\t<\/div>\n\t\t\t\t\t\t<\/div>\n\t\t\t\t<\/div>\n\t\t\t\t<section class=\"elementor-section elementor-inner-section elementor-element elementor-element-aec7725 elementor-section-boxed elementor-section-height-default elementor-section-height-default sc_fly_static\" data-id=\"aec7725\" data-element_type=\"section\">\n\t\t\t\t\t\t<div class=\"elementor-container elementor-column-gap-extended\">\n\t\t\t\t\t<div class=\"elementor-column elementor-col-50 elementor-inner-column elementor-element elementor-element-18ed310 sc_content_align_inherit sc_layouts_column_icons_position_left sc_fly_static\" data-id=\"18ed310\" data-element_type=\"column\">\n\t\t\t<div class=\"elementor-widget-wrap elementor-element-populated\">\n\t\t\t\t\t\t<div class=\"elementor-element elementor-element-6825be0 sc_fly_static elementor-widget elementor-widget-text-editor\" data-id=\"6825be0\" data-element_type=\"widget\" data-widget_type=\"text-editor.default\">\n\t\t\t\t<div class=\"elementor-widget-container\">\n\t\t\t\t\t\t\t\t\t<p>Bei <strong data-start=\"238\" data-end=\"275\">Billy Capers&#8216; Fabulous Fair<\/strong> gehen Spa\u00df und Magie Hand in Hand mit dem Respekt f\u00fcr die Umwelt. Wir glauben, dass Live-Veranstaltungen einen positiven Einfluss haben k\u00f6nnen, nicht nur auf diejenigen, die sie genie\u00dfen, sondern auch auf unseren Planeten. <\/p>\t\t\t\t\t\t\t\t<\/div>\n\t\t\t\t<\/div>\n\t\t\t\t\t<\/div>\n\t\t<\/div>\n\t\t\t\t<div class=\"elementor-column elementor-col-50 elementor-inner-column elementor-element elementor-element-b1b05ac sc_content_align_inherit sc_layouts_column_icons_position_left sc_fly_static\" data-id=\"b1b05ac\" data-element_type=\"column\">\n\t\t\t<div class=\"elementor-widget-wrap elementor-element-populated\">\n\t\t\t\t\t\t<div class=\"elementor-element elementor-element-e926928 sc_fly_static elementor-widget elementor-widget-text-editor\" data-id=\"e926928\" data-element_type=\"widget\" data-widget_type=\"text-editor.default\">\n\t\t\t\t<div class=\"elementor-widget-container\">\n\t\t\t\t\t\t\t\t\t<p>Im Einklang mit den <strong data-start=\"504\" data-end=\"548\">Zielen f\u00fcr nachhaltige Entwicklung (SDGs<\/strong> ) der Vereinten Nationen arbeiten wir in jeder Ausgabe daran, unsere Auswirkungen auf die Umwelt zu reduzieren, indem wir nachhaltige Mobilit\u00e4t, verantwortungsvolles Ressourcenmanagement und bewussten Konsum f\u00f6rdern.<\/p>\t\t\t\t\t\t\t\t<\/div>\n\t\t\t\t<\/div>\n\t\t\t\t\t<\/div>\n\t\t<\/div>\n\t\t\t\t\t<\/div>\n\t\t<\/section>\n\t\t\t\t<div class=\"elementor-element elementor-element-1ce167b sc_fly_static elementor-widget elementor-widget-spacer\" data-id=\"1ce167b\" data-element_type=\"widget\" data-widget_type=\"spacer.default\">\n\t\t\t\t<div class=\"elementor-widget-container\">\n\t\t\t\t\t\t\t<div class=\"elementor-spacer\">\n\t\t\t<div class=\"elementor-spacer-inner\"><\/div>\n\t\t<\/div>\n\t\t\t\t\t\t<\/div>\n\t\t\t\t<\/div>\n\t\t\t\t<div class=\"elementor-element elementor-element-10ebf9e sc_fly_static elementor-widget elementor-widget-heading\" data-id=\"10ebf9e\" data-element_type=\"widget\" data-widget_type=\"heading.default\">\n\t\t\t\t<div class=\"elementor-widget-container\">\n\t\t\t\t\t<h2 class=\"elementor-heading-title elementor-size-default\">Denn Nachhaltigkeit ist auch Teil der Show.<\/h2>\t\t\t\t<\/div>\n\t\t\t\t<\/div>\n\t\t\t\t<section class=\"elementor-section elementor-inner-section elementor-element elementor-element-1aedf59 elementor-section-boxed elementor-section-height-default elementor-section-height-default sc_fly_static\" data-id=\"1aedf59\" data-element_type=\"section\">\n\t\t\t\t\t\t<div class=\"elementor-container elementor-column-gap-extended\">\n\t\t\t\t\t<div class=\"elementor-column elementor-col-100 elementor-inner-column elementor-element elementor-element-ca2aece sc_content_align_inherit sc_layouts_column_icons_position_left sc_fly_static\" data-id=\"ca2aece\" data-element_type=\"column\">\n\t\t\t<div class=\"elementor-widget-wrap elementor-element-populated\">\n\t\t\t\t\t\t<div class=\"elementor-element elementor-element-64150b1 sc_fly_static elementor-widget elementor-widget-spacer\" data-id=\"64150b1\" data-element_type=\"widget\" data-widget_type=\"spacer.default\">\n\t\t\t\t<div class=\"elementor-widget-container\">\n\t\t\t\t\t\t\t<div class=\"elementor-spacer\">\n\t\t\t<div class=\"elementor-spacer-inner\"><\/div>\n\t\t<\/div>\n\t\t\t\t\t\t<\/div>\n\t\t\t\t<\/div>\n\t\t\t\t\t<\/div>\n\t\t<\/div>\n\t\t\t\t\t<\/div>\n\t\t<\/section>\n\t\t\t\t\t<\/div>\n\t\t<\/div>\n\t\t\t\t\t<\/div>\n\t\t<\/section>\n\t\t\t\t<section class=\"elementor-section elementor-top-section elementor-element elementor-element-1304b987 elementor-section-content-middle elementor-section-boxed elementor-section-height-default elementor-section-height-default sc_fly_static\" data-id=\"1304b987\" data-element_type=\"section\">\n\t\t\t\t\t\t<div class=\"elementor-container elementor-column-gap-extended\">\n\t\t\t\t\t<div class=\"elementor-column elementor-col-50 elementor-top-column elementor-element elementor-element-408e833d sc_content_align_inherit sc_layouts_column_icons_position_left sc_fly_static\" data-id=\"408e833d\" data-element_type=\"column\">\n\t\t\t<div class=\"elementor-widget-wrap elementor-element-populated\">\n\t\t\t\t\t\t<div class=\"elementor-element elementor-element-220bad41 sc_fly_static elementor-widget elementor-widget-image\" data-id=\"220bad41\" data-element_type=\"widget\" data-widget_type=\"image.default\">\n\t\t\t\t<div class=\"elementor-widget-container\">\n\t\t\t\t\t\t\t\t\t\t\t\t\t\t\t<img decoding=\"async\" src=\"https:\/\/old.billycapers.es\/wp-content\/uploads\/elementor\/thumbs\/marvel-img-7-copyright-r2609kocda3c7tko4rpcniiy0lzx2ri0mc60p0foew.jpg\" title=\"marvel-img-7-copyright\" alt=\"marvel-img-7-copyright\" loading=\"lazy\" \/>\t\t\t\t\t\t\t\t\t\t\t\t\t\t\t<\/div>\n\t\t\t\t<\/div>\n\t\t\t\t\t<\/div>\n\t\t<\/div>\n\t\t\t\t<div class=\"elementor-column elementor-col-50 elementor-top-column elementor-element elementor-element-3dc139cc sc_content_align_inherit sc_layouts_column_icons_position_left sc_fly_static\" data-id=\"3dc139cc\" data-element_type=\"column\">\n\t\t\t<div class=\"elementor-widget-wrap elementor-element-populated\">\n\t\t\t\t\t\t<div class=\"elementor-element elementor-element-12dd00ac sc_fly_static elementor-widget elementor-widget-trx_sc_title\" data-id=\"12dd00ac\" data-element_type=\"widget\" data-widget_type=\"trx_sc_title.default\">\n\t\t\t\t<div class=\"elementor-widget-container\">\n\t\t\t\t\t<div\t\tclass=\"sc_title sc_title_default\" ><h1 class=\"sc_item_title sc_title_title sc_item_title_style_default sc_item_title_tag\"\n\t\t\t><span class=\"sc_item_title_text\">Klare Zielsetzungen<\/span><\/h1><\/div>\t\t\t\t<\/div>\n\t\t\t\t<\/div>\n\t\t\t\t<div class=\"elementor-element elementor-element-6413af6c sc_fly_static elementor-widget elementor-widget-spacer\" data-id=\"6413af6c\" data-element_type=\"widget\" data-widget_type=\"spacer.default\">\n\t\t\t\t<div class=\"elementor-widget-container\">\n\t\t\t\t\t\t\t<div class=\"elementor-spacer\">\n\t\t\t<div class=\"elementor-spacer-inner\"><\/div>\n\t\t<\/div>\n\t\t\t\t\t\t<\/div>\n\t\t\t\t<\/div>\n\t\t\t\t<div class=\"elementor-element elementor-element-75dfd949 elementor-widget-divider--view-line sc_fly_static elementor-widget elementor-widget-divider\" data-id=\"75dfd949\" data-element_type=\"widget\" data-widget_type=\"divider.default\">\n\t\t\t\t<div class=\"elementor-widget-container\">\n\t\t\t\t\t\t\t<div class=\"elementor-divider\">\n\t\t\t<span class=\"elementor-divider-separator\">\n\t\t\t\t\t\t<\/span>\n\t\t<\/div>\n\t\t\t\t\t\t<\/div>\n\t\t\t\t<\/div>\n\t\t\t\t<div class=\"elementor-element elementor-element-1c2f884f bordered sc_fly_static elementor-widget elementor-widget-accordion\" data-id=\"1c2f884f\" data-element_type=\"widget\" data-widget_type=\"accordion.default\">\n\t\t\t\t<div class=\"elementor-widget-container\">\n\t\t\t\t\t\t\t<div class=\"elementor-accordion\">\n\t\t\t\t\t\t\t<div class=\"elementor-accordion-item\">\n\t\t\t\t\t<h5 id=\"elementor-tab-title-4721\" class=\"elementor-tab-title\" data-tab=\"1\" role=\"button\" aria-controls=\"elementor-tab-content-4721\" aria-expanded=\"false\">\n\t\t\t\t\t\t\t\t\t\t\t\t\t<span class=\"elementor-accordion-icon elementor-accordion-icon-right\" aria-hidden=\"true\">\n\t\t\t\t\t\t\t\t\t\t\t\t\t\t\t<span class=\"elementor-accordion-icon-closed\"><svg xmlns=\"http:\/\/www.w3.org\/2000\/svg\" xmlns:xlink=\"http:\/\/www.w3.org\/1999\/xlink\" x=\"0px\" y=\"0px\" viewBox=\"0 0 19.9 19.9\" style=\"enable-background:new 0 0 19.9 19.9;\" xml:space=\"preserve\"><path d=\"M18,8.8l-5-5 c-0.3-0.3-0.8-0.3-1.1,0c-0.3,0.3-0.3,0.8,0,1.1l3.6,3.6H2.4C2,8.6,1.6,8.9,1.6,9.4c0,0.4,0.3,0.8,0.8,0.8h13.2L12,13.8 c-0.3,0.3-0.3,0.8,0,1.1c0.3,0.3,0.8,0.3,1.1,0l5-5C18.3,9.6,18.3,9.1,18,8.8z\"><\/path><\/svg><\/span>\n\t\t\t\t\t\t\t\t<span class=\"elementor-accordion-icon-opened\"><svg xmlns=\"http:\/\/www.w3.org\/2000\/svg\" xmlns:xlink=\"http:\/\/www.w3.org\/1999\/xlink\" x=\"0px\" y=\"0px\" viewBox=\"0 0 19.9 19.9\" style=\"enable-background:new 0 0 19.9 19.9;\" xml:space=\"preserve\"><path d=\"M16.1,15.3l0-7c0-0.4-0.3-0.8-0.8-0.8c-0.4,0-0.8,0.3-0.8,0.8l0,5.1L5.1,4.1 c-0.3-0.3-0.8-0.3-1.1,0c-0.3,0.3-0.3,0.8,0,1.1l9.4,9.4l-5.1,0c-0.4,0-0.8,0.3-0.8,0.8c0,0.4,0.3,0.8,0.8,0.8l7,0 C15.7,16.1,16.1,15.7,16.1,15.3z\"><\/path><\/svg><\/span>\n\t\t\t\t\t\t\t\t\t\t\t\t\t\t<\/span>\n\t\t\t\t\t\t\t\t\t\t\t\t<a class=\"elementor-accordion-title\" tabindex=\"0\">Unsere Aktionen f\u00fcr eine umweltfreundlichere Veranstaltung<\/a>\n\t\t\t\t\t<\/h5>\n\t\t\t\t\t<div id=\"elementor-tab-content-4721\" class=\"elementor-tab-content elementor-clearfix\" data-tab=\"1\" role=\"region\" aria-labelledby=\"elementor-tab-title-4721\"><p>\u2714\ufe0f <strong data-start=\"880\" data-end=\"904\">Nachhaltige Mobilit\u00e4t<\/strong> &#8211; Wir f\u00f6rdern die Nutzung \u00f6ffentlicher Verkehrsmittel und kollektiver Reisen, um Emissionen zu reduzieren.<br data-start=\"1004\" data-end=\"1007\">\u2714\ufe0f <strong data-start=\"1010\" data-end=\"1031\">Energieeffizienz<\/strong> &#8211; Wir optimieren die Nutzung des nat\u00fcrlichen Lichts und reduzieren den Energieverbrauch auf der Messe.<br data-start=\"1114\" data-end=\"1117\">\u2714\ufe0f <strong data-start=\"1120\" data-end=\"1140\">Wassermanagement<\/strong> &#8211; Wir f\u00f6rdern einen verantwortungsvollen Wasserverbrauch bei Teilnehmern und Lieferanten.<br data-start=\"1216\" data-end=\"1219\">\u2714\ufe0f <strong data-start=\"1222\" data-end=\"1246\">Verantwortungsvoller Einkauf<\/strong> &#8211; Wir bevorzugen wiederverwendbare Produkte und lokale Lieferanten, um Abfall zu minimieren.<br data-start=\"1331\" data-end=\"1334\">\u2714\ufe0f <strong data-start=\"1337\" data-end=\"1365\">Angepasste Infrastruktur<\/strong> &#8211; Wir nutzen die bestehenden Strukturen, um unn\u00f6tige Belastungen zu vermeiden.<br data-start=\"1438\" data-end=\"1441\">\u2714\ufe0f <strong data-start=\"1444\" data-end=\"1479\">Recycling und Abfallmanagement<\/strong> &#8211; Wir f\u00fchren ein selektives Sammel- und Recyclingsystem ein, um Abfall zu reduzieren.<\/p>\n<\/div>\n\t\t\t\t<\/div>\n\t\t\t\t\t\t\t<div class=\"elementor-accordion-item\">\n\t\t\t\t\t<h5 id=\"elementor-tab-title-4722\" class=\"elementor-tab-title\" data-tab=\"2\" role=\"button\" aria-controls=\"elementor-tab-content-4722\" aria-expanded=\"false\">\n\t\t\t\t\t\t\t\t\t\t\t\t\t<span class=\"elementor-accordion-icon elementor-accordion-icon-right\" aria-hidden=\"true\">\n\t\t\t\t\t\t\t\t\t\t\t\t\t\t\t<span class=\"elementor-accordion-icon-closed\"><svg xmlns=\"http:\/\/www.w3.org\/2000\/svg\" xmlns:xlink=\"http:\/\/www.w3.org\/1999\/xlink\" x=\"0px\" y=\"0px\" viewBox=\"0 0 19.9 19.9\" style=\"enable-background:new 0 0 19.9 19.9;\" xml:space=\"preserve\"><path d=\"M18,8.8l-5-5 c-0.3-0.3-0.8-0.3-1.1,0c-0.3,0.3-0.3,0.8,0,1.1l3.6,3.6H2.4C2,8.6,1.6,8.9,1.6,9.4c0,0.4,0.3,0.8,0.8,0.8h13.2L12,13.8 c-0.3,0.3-0.3,0.8,0,1.1c0.3,0.3,0.8,0.3,1.1,0l5-5C18.3,9.6,18.3,9.1,18,8.8z\"><\/path><\/svg><\/span>\n\t\t\t\t\t\t\t\t<span class=\"elementor-accordion-icon-opened\"><svg xmlns=\"http:\/\/www.w3.org\/2000\/svg\" xmlns:xlink=\"http:\/\/www.w3.org\/1999\/xlink\" x=\"0px\" y=\"0px\" viewBox=\"0 0 19.9 19.9\" style=\"enable-background:new 0 0 19.9 19.9;\" xml:space=\"preserve\"><path d=\"M16.1,15.3l0-7c0-0.4-0.3-0.8-0.8-0.8c-0.4,0-0.8,0.3-0.8,0.8l0,5.1L5.1,4.1 c-0.3-0.3-0.8-0.3-1.1,0c-0.3,0.3-0.3,0.8,0,1.1l9.4,9.4l-5.1,0c-0.4,0-0.8,0.3-0.8,0.8c0,0.4,0.3,0.8,0.8,0.8l7,0 C15.7,16.1,16.1,15.7,16.1,15.3z\"><\/path><\/svg><\/span>\n\t\t\t\t\t\t\t\t\t\t\t\t\t\t<\/span>\n\t\t\t\t\t\t\t\t\t\t\t\t<a class=\"elementor-accordion-title\" tabindex=\"0\">Unser Engagement f\u00fcr die SDGs<\/a>\n\t\t\t\t\t<\/h5>\n\t\t\t\t\t<div id=\"elementor-tab-content-4722\" class=\"elementor-tab-content elementor-clearfix\" data-tab=\"2\" role=\"region\" aria-labelledby=\"elementor-tab-title-4722\"><p data-start=\"1627\" data-end=\"1717\">Unsere Messe ist auf die folgenden <strong data-start=\"1670\" data-end=\"1714\">Ziele f\u00fcr nachhaltige Entwicklung (SDGs<\/strong>) ausgerichtet:<\/p>\n<p data-start=\"1719\" data-end=\"2652\">\ud83c\udfad <strong data-start=\"1722\" data-end=\"1751\">SDG 3 &#8211; Gesundheit und Wohlbefinden<\/strong>: Eine sichere und gesunde Veranstaltung f\u00fcr alle.<br data-start=\"1793\" data-end=\"1796\">\ud83d\udcda <strong data-start=\"1799\" data-end=\"1831\">SDG 4 &#8211; Hochwertige Bildung<\/strong>: Wir f\u00f6rdern das Lernen durch Kunst und Kultur.<br data-start=\"1890\" data-end=\"1893\">\ud83d\udca7 <strong data-start=\"1896\" data-end=\"1933\">SDG 6 &#8211; Sauberes Wasser und sanit\u00e4re Einrichtungen<\/strong>: Verantwortungsvoller Umgang mit Wasser bei allen unseren Aktivit\u00e4ten.<br data-start=\"1990\" data-end=\"1993\">\u26a1 <strong data-start=\"1995\" data-end=\"2042\">SDG 7 &#8211; Erschwingliche und saubere Energie<\/strong>: Wir haben uns verpflichtet, Energie zu sparen.<br data-start=\"2079\" data-end=\"2082\">\ud83c\udfd7\ufe0f <strong data-start=\"2086\" data-end=\"2137\">SDG 9 &#8211; Industrie, Innovation und Infrastruktur<\/strong>: Wir gestalten nachhaltige Veranstaltungen.<br data-start=\"2169\" data-end=\"2172\">\ud83c\udfe1 <strong data-start=\"2175\" data-end=\"2222\">SDG 11 &#8211; Nachhaltige St\u00e4dte und Gemeinden<\/strong>: Wir schaffen einen umweltfreundlichen Raum.<br data-start=\"2269\" data-end=\"2272\">\ud83d\udd04 <strong data-start=\"2275\" data-end=\"2320\">SDG 12 &#8211; Verantwortungsvolle Produktion und Konsum<\/strong>: Wir entscheiden uns f\u00fcr wiederverwendbare und recycelbare Materialien.<br data-start=\"2373\" data-end=\"2376\">\ud83c\udf31 <strong data-start=\"2379\" data-end=\"2411\">SDG 13 &#8211; Klimapolitik<\/strong>: Wir minimieren den Kohlenstoff-Fu\u00dfabdruck der Veranstaltung.<br data-start=\"2457\" data-end=\"2460\" data-is-only-node=\"\">\ud83d\udc20 <strong data-start=\"2463\" data-end=\"2490\">SDG 14 &#8211; Leben unter Wasser<\/strong>: Wir reduzieren den Plastikm\u00fcll, der die Ozeane belastet.<br data-start=\"2545\" data-end=\"2548\">\ud83c\udf3f <strong data-start=\"2551\" data-end=\"2594\">SDG 15 &#8211; Leben der terrestrischen \u00d6kosysteme<\/strong>: Wir verpflichten uns zu Praktiken, die die Umwelt sch\u00fctzen.<\/p>\n<\/div>\n\t\t\t\t<\/div>\n\t\t\t\t\t\t\t<div class=\"elementor-accordion-item\">\n\t\t\t\t\t<h5 id=\"elementor-tab-title-4723\" class=\"elementor-tab-title\" data-tab=\"3\" role=\"button\" aria-controls=\"elementor-tab-content-4723\" aria-expanded=\"false\">\n\t\t\t\t\t\t\t\t\t\t\t\t\t<span class=\"elementor-accordion-icon elementor-accordion-icon-right\" aria-hidden=\"true\">\n\t\t\t\t\t\t\t\t\t\t\t\t\t\t\t<span class=\"elementor-accordion-icon-closed\"><svg xmlns=\"http:\/\/www.w3.org\/2000\/svg\" xmlns:xlink=\"http:\/\/www.w3.org\/1999\/xlink\" x=\"0px\" y=\"0px\" viewBox=\"0 0 19.9 19.9\" style=\"enable-background:new 0 0 19.9 19.9;\" xml:space=\"preserve\"><path d=\"M18,8.8l-5-5 c-0.3-0.3-0.8-0.3-1.1,0c-0.3,0.3-0.3,0.8,0,1.1l3.6,3.6H2.4C2,8.6,1.6,8.9,1.6,9.4c0,0.4,0.3,0.8,0.8,0.8h13.2L12,13.8 c-0.3,0.3-0.3,0.8,0,1.1c0.3,0.3,0.8,0.3,1.1,0l5-5C18.3,9.6,18.3,9.1,18,8.8z\"><\/path><\/svg><\/span>\n\t\t\t\t\t\t\t\t<span class=\"elementor-accordion-icon-opened\"><svg xmlns=\"http:\/\/www.w3.org\/2000\/svg\" xmlns:xlink=\"http:\/\/www.w3.org\/1999\/xlink\" x=\"0px\" y=\"0px\" viewBox=\"0 0 19.9 19.9\" style=\"enable-background:new 0 0 19.9 19.9;\" xml:space=\"preserve\"><path d=\"M16.1,15.3l0-7c0-0.4-0.3-0.8-0.8-0.8c-0.4,0-0.8,0.3-0.8,0.8l0,5.1L5.1,4.1 c-0.3-0.3-0.8-0.3-1.1,0c-0.3,0.3-0.3,0.8,0,1.1l9.4,9.4l-5.1,0c-0.4,0-0.8,0.3-0.8,0.8c0,0.4,0.3,0.8,0.8,0.8l7,0 C15.7,16.1,16.1,15.7,16.1,15.3z\"><\/path><\/svg><\/span>\n\t\t\t\t\t\t\t\t\t\t\t\t\t\t<\/span>\n\t\t\t\t\t\t\t\t\t\t\t\t<a class=\"elementor-accordion-title\" tabindex=\"0\">Wie k\u00f6nnen Sie helfen?<\/a>\n\t\t\t\t\t<\/h5>\n\t\t\t\t\t<div id=\"elementor-tab-content-4723\" class=\"elementor-tab-content elementor-clearfix\" data-tab=\"3\" role=\"region\" aria-labelledby=\"elementor-tab-title-4723\"><p data-start=\"2704\" data-end=\"3191\">\u2728 <strong data-start=\"2706\" data-end=\"2735\">Nutzen Sie nachhaltige Verkehrsmittel<\/strong> &#8211; Kommen Sie mit \u00f6ffentlichen Verkehrsmitteln oder bilden Sie Fahrgemeinschaften mit Freunden.<br data-start=\"2792\" data-end=\"2795\">\u2728 <strong data-start=\"2797\" data-end=\"2817\">Reduzieren und recyceln<\/strong> Sie &#8211; Benutzen Sie die Recycling-Beh\u00e4lter und minimieren Sie Ihren Plastikverbrauch.<br data-start=\"2893\" data-end=\"2896\">\u2728 <strong data-start=\"2898\" data-end=\"2920\">Gehen Sie sorgsam mit den Ressourcen um<\/strong> &#8211; verbrauchen Sie verantwortungsvoll Wasser und respektieren Sie das Messegel\u00e4nde.<br data-start=\"2993\" data-end=\"2996\">\u2728 <strong data-start=\"2998\" data-end=\"3016\">Unterst\u00fctzen Sie lokale<\/strong> Produkte &#8211; Entscheiden Sie sich f\u00fcr Produkte von Food Trucks und lokalen Unternehmen.<br data-start=\"3077\" data-end=\"3080\">\u2728 <strong data-start=\"3082\" data-end=\"3109\">Genie\u00dfen Sie mit gutem Gewissen<\/strong> &#8211; Die Messe ist ein Ort f\u00fcr alle. Helfen Sie uns, sie sauber und respektvoll zu halten. <\/p>\n<p data-start=\"3193\" data-end=\"3330\">Weil jede kleine Geste z\u00e4hlt, <strong data-start=\"3227\" data-end=\"3328\">k\u00f6nnen wir gemeinsam Billy Capers&#8216; Fabulous Fair zu einer nachhaltigeren und verantwortungsvolleren Veranstaltung machen.<\/strong><\/p>\n<p data-start=\"3332\" data-end=\"3425\">\ud83d\udc9a  <strong data-start=\"3335\" data-end=\"3423\">Seien Sie Teil des Wandels, handeln Sie f\u00fcr den Planeten und genie\u00dfen Sie die Magie des Zirkus! <\/strong><\/p>\n<\/div>\n\t\t\t\t<\/div>\n\t\t\t\t\t\t\t\t<\/div>\n\t\t\t\t\t\t<\/div>\n\t\t\t\t<\/div>\n\t\t\t\t<div class=\"elementor-element elementor-element-45981bc1 elementor-widget-divider--view-line sc_fly_static elementor-widget elementor-widget-divider\" data-id=\"45981bc1\" data-element_type=\"widget\" data-widget_type=\"divider.default\">\n\t\t\t\t<div class=\"elementor-widget-container\">\n\t\t\t\t\t\t\t<div class=\"elementor-divider\">\n\t\t\t<span class=\"elementor-divider-separator\">\n\t\t\t\t\t\t<\/span>\n\t\t<\/div>\n\t\t\t\t\t\t<\/div>\n\t\t\t\t<\/div>\n\t\t\t\t\t<\/div>\n\t\t<\/div>\n\t\t\t\t\t<\/div>\n\t\t<\/section>\n\t\t\t\t<section class=\"elementor-section elementor-top-section elementor-element elementor-element-a473300 elementor-section-boxed elementor-section-height-default elementor-section-height-default sc_fly_static\" data-id=\"a473300\" data-element_type=\"section\">\n\t\t\t\t\t\t<div class=\"elementor-container elementor-column-gap-extended\">\n\t\t\t\t\t<div class=\"elementor-column elementor-col-100 elementor-top-column elementor-element elementor-element-f68abef sc_content_align_inherit sc_layouts_column_icons_position_left sc_fly_static\" data-id=\"f68abef\" data-element_type=\"column\">\n\t\t\t<div class=\"elementor-widget-wrap elementor-element-populated\">\n\t\t\t\t\t\t<div class=\"elementor-element elementor-element-c69b8e2 sc_height_huge sc_fly_static elementor-widget elementor-widget-spacer\" data-id=\"c69b8e2\" data-element_type=\"widget\" data-widget_type=\"spacer.default\">\n\t\t\t\t<div class=\"elementor-widget-container\">\n\t\t\t\t\t\t\t<div class=\"elementor-spacer\">\n\t\t\t<div class=\"elementor-spacer-inner\"><\/div>\n\t\t<\/div>\n\t\t\t\t\t\t<\/div>\n\t\t\t\t<\/div>\n\t\t\t\t\t<\/div>\n\t\t<\/div>\n\t\t\t\t\t<\/div>\n\t\t<\/section>\n\t\t\t\t<\/div>\n\t\t","protected":false},"excerpt":{"rendered":"<p>Unsere Messe, eine nachhaltige Veranstaltung Bei Billy Capers&#8216; Fabulous Fair gehen Spa\u00df und Magie Hand in Hand mit dem Respekt f\u00fcr die Umwelt. Wir glauben, dass Live-Veranstaltungen einen positiven Einfluss&hellip;<\/p>\n","protected":false},"author":5,"featured_media":0,"parent":0,"menu_order":0,"comment_status":"closed","ping_status":"closed","template":"","meta":{"footnotes":""},"class_list":["post-57363","page","type-page","status-publish","hentry"],"_links":{"self":[{"href":"https:\/\/old.billycapers.es\/de\/wp-json\/wp\/v2\/pages\/57363","targetHints":{"allow":["GET"]}}],"collection":[{"href":"https:\/\/old.billycapers.es\/de\/wp-json\/wp\/v2\/pages"}],"about":[{"href":"https:\/\/old.billycapers.es\/de\/wp-json\/wp\/v2\/types\/page"}],"author":[{"embeddable":true,"href":"https:\/\/old.billycapers.es\/de\/wp-json\/wp\/v2\/users\/5"}],"replies":[{"embeddable":true,"href":"https:\/\/old.billycapers.es\/de\/wp-json\/wp\/v2\/comments?post=57363"}],"version-history":[{"count":4,"href":"https:\/\/old.billycapers.es\/de\/wp-json\/wp\/v2\/pages\/57363\/revisions"}],"predecessor-version":[{"id":57799,"href":"https:\/\/old.billycapers.es\/de\/wp-json\/wp\/v2\/pages\/57363\/revisions\/57799"}],"wp:attachment":[{"href":"https:\/\/old.billycapers.es\/de\/wp-json\/wp\/v2\/media?parent=57363"}],"curies":[{"name":"wp","href":"https:\/\/api.w.org\/{rel}","templated":true}]}}